{"id":5424,"date":"2024-10-02T16:46:58","date_gmt":"2024-10-02T14:46:58","guid":{"rendered":"https:\/\/stenogkrystal.dk\/index.php\/vare\/siderit-med-calcit-og-galena\/"},"modified":"2024-10-03T16:27:13","modified_gmt":"2024-10-03T14:27:13","slug":"siderit-med-calcit-og-galena","status":"publish","type":"product","link":"https:\/\/stenogkrystal.dk\/index.php\/vare\/siderit-med-calcit-og-galena\/","title":{"rendered":"Siderit med Calcit og Galena"},"content":{"rendered":"<p><em>Du k\u00f8ber stenen p\u00e5 billedet.<\/em><\/p>\n<p>Oprindelse: Rum\u00e6nien<\/p>\n<p>M\u00e5ler ca. 12*10*3 cm<\/p>\n<p>Siderit kommer af det gr\u00e6ske ord sideros, der betyder jern. Siderit opst\u00e5r ofte i forbindelse med vulkansk aktivitet.<br \/>\nSiderit afbalancere alle chakra og styrker positive tanker og ideer. Den er en god hj\u00e6lper ved behov for struktur, hvis du har en kaotisk hverdag. Den styrker selvtilliden og giver ro.<\/p>\n<p>Calcit virker kraftigt forst\u00e6rkende og rensende p\u00e5 energier. Ved fx at have et stykke calcit i rummet, kan det rense for negative energier i omgivelserne og forh\u00f8je din energi. Calcit er en spirituel sten og er til god st\u00f8tte ved spirituel udvikling.\u00a0Calcit er god hvis du har mistet h\u00e5bet eller din motivation. Den er god til dovenskab og hj\u00e6lper dig med at blive mere energisk p\u00e5 alle niveauer.<\/p>\n<p>Mentalt beroliger calcit sindet, fremmer din d\u00f8mmekraft og styrker din evne til at analysere det du befinder dig i. Den lindre f\u00f8lelsesm\u00e6ssigt stress og giver dig ro istedet.<\/p>\n<p>Galena siges at skabe balance p\u00e5 alle niveauer. Den er jordforbindende og lader dig f\u00e5 fast grund under f\u00f8dderne. Den opmuntre til udforskning og det at eksperimentere. Den udvider din horisont og dine ideer og lader dig ikke begr\u00e6nse af dine holdninger fra fortiden.<\/p>\n","protected":false},"excerpt":{"rendered":"<p>Du k\u00f8ber stenen p\u00e5 billedet. Oprindelse: Rum\u00e6nien M\u00e5ler ca. 12*10*3 cm Siderit kommer af det gr\u00e6ske ord sideros, der betyder jern. Siderit opst\u00e5r ofte i forbindelse med vulkansk aktivitet. Siderit afbalancere alle chakra og styrker positive tanker og ideer. Den er en god hj\u00e6lper ved behov for struktur, hvis du har en kaotisk hverdag. Den&hellip;&nbsp;<a href=\"https:\/\/stenogkrystal.dk\/index.php\/vare\/siderit-med-calcit-og-galena\/\" rel=\"bookmark\">L\u00e6s mere &raquo;<span class=\"screen-reader-text\">Siderit med Calcit og Galena<\/span><\/a><\/p>\n","protected":false},"featured_media":5605,"comment_status":"open","ping_status":"closed","template":"","meta":{"neve_meta_sidebar":"","neve_meta_container":"","neve_meta_enable_content_width":"off","neve_meta_content_width":100,"neve_meta_title_alignment":"","neve_meta_author_avatar":"","neve_post_elements_order":"","neve_meta_disable_header":"","neve_meta_disable_footer":"","neve_meta_disable_title":""},"product_brand":[],"product_cat":[35],"product_tag":[60,204,118,206],"class_list":{"0":"post-5424","1":"product","2":"type-product","3":"status-publish","4":"has-post-thumbnail","6":"product_cat-raa-sten","7":"product_tag-calcit","8":"product_tag-galena","9":"product_tag-raa-sten","10":"product_tag-siderit","12":"first","13":"instock","14":"shipping-taxable","15":"purchasable","16":"product-type-simple"},"yoast_head":"<!-- This site is optimized with the Yoast SEO plugin v27.5 - https:\/\/yoast.com\/product\/yoast-seo-wordpress\/ -->\n<title>Siderit med Calcit og Galena - Aalborg Sten Og Krystaller<\/title>\n<meta name=\"description\" content=\"Siderit afbalancere alle chakra og styrker positive tanker og ideer. Calcit virker kraftigt forst\u00e6rkende og rensende p\u00e5 energier.\" \/>\n<meta name=\"robots\" content=\"index, follow, max-snippet:-1, max-image-preview:large, max-video-preview:-1\" \/>\n<link rel=\"canonical\" href=\"https:\/\/stenogkrystal.dk\/index.php\/vare\/siderit-med-calcit-og-galena\/\" \/>\n<meta property=\"og:locale\" content=\"da_DK\" \/>\n<meta property=\"og:type\" content=\"article\" \/>\n<meta property=\"og:title\" content=\"Siderit med Calcit og Galena - Aalborg Sten Og Krystaller\" \/>\n<meta property=\"og:description\" content=\"Siderit afbalancere alle chakra og styrker positive tanker og ideer. Calcit virker kraftigt forst\u00e6rkende og rensende p\u00e5 energier.\" \/>\n<meta property=\"og:url\" content=\"https:\/\/stenogkrystal.dk\/index.php\/vare\/siderit-med-calcit-og-galena\/\" \/>\n<meta property=\"og:site_name\" content=\"Aalborg Sten Og Krystaller\" \/>\n<meta property=\"article:publisher\" content=\"https:\/\/www.facebook.com\/aalborgstenogkrystaller\" \/>\n<meta property=\"article:modified_time\" content=\"2024-10-03T14:27:13+00:00\" \/>\n<meta property=\"og:image\" content=\"https:\/\/stenogkrystal.dk\/wp-content\/uploads\/2024\/10\/siderit-1-1024x1024.png\" \/>\n\t<meta property=\"og:image:width\" content=\"1024\" \/>\n\t<meta property=\"og:image:height\" content=\"1024\" \/>\n\t<meta property=\"og:image:type\" content=\"image\/png\" \/>\n<meta name=\"twitter:card\" content=\"summary_large_image\" \/>\n<meta name=\"twitter:label1\" content=\"Estimeret l\u00e6setid\" \/>\n\t<meta name=\"twitter:data1\" content=\"2 minutter\" \/>\n<script type=\"application\/ld+json\" class=\"yoast-schema-graph\">{\"@context\":\"https:\\\/\\\/schema.org\",\"@graph\":[{\"@type\":\"WebPage\",\"@id\":\"https:\\\/\\\/stenogkrystal.dk\\\/index.php\\\/vare\\\/siderit-med-calcit-og-galena\\\/\",\"url\":\"https:\\\/\\\/stenogkrystal.dk\\\/index.php\\\/vare\\\/siderit-med-calcit-og-galena\\\/\",\"name\":\"Siderit med Calcit og Galena - Aalborg Sten Og Krystaller\",\"isPartOf\":{\"@id\":\"https:\\\/\\\/stenogkrystal.dk\\\/#website\"},\"primaryImageOfPage\":{\"@id\":\"https:\\\/\\\/stenogkrystal.dk\\\/index.php\\\/vare\\\/siderit-med-calcit-og-galena\\\/#primaryimage\"},\"image\":{\"@id\":\"https:\\\/\\\/stenogkrystal.dk\\\/index.php\\\/vare\\\/siderit-med-calcit-og-galena\\\/#primaryimage\"},\"thumbnailUrl\":\"https:\\\/\\\/stenogkrystal.dk\\\/wp-content\\\/uploads\\\/2024\\\/10\\\/siderit-1.png\",\"datePublished\":\"2024-10-02T14:46:58+00:00\",\"dateModified\":\"2024-10-03T14:27:13+00:00\",\"description\":\"Siderit afbalancere alle chakra og styrker positive tanker og ideer. Calcit virker kraftigt forst\u00e6rkende og rensende p\u00e5 energier.\",\"breadcrumb\":{\"@id\":\"https:\\\/\\\/stenogkrystal.dk\\\/index.php\\\/vare\\\/siderit-med-calcit-og-galena\\\/#breadcrumb\"},\"inLanguage\":\"da-DK\",\"potentialAction\":[{\"@type\":\"ReadAction\",\"target\":[\"https:\\\/\\\/stenogkrystal.dk\\\/index.php\\\/vare\\\/siderit-med-calcit-og-galena\\\/\"]}]},{\"@type\":\"ImageObject\",\"inLanguage\":\"da-DK\",\"@id\":\"https:\\\/\\\/stenogkrystal.dk\\\/index.php\\\/vare\\\/siderit-med-calcit-og-galena\\\/#primaryimage\",\"url\":\"https:\\\/\\\/stenogkrystal.dk\\\/wp-content\\\/uploads\\\/2024\\\/10\\\/siderit-1.png\",\"contentUrl\":\"https:\\\/\\\/stenogkrystal.dk\\\/wp-content\\\/uploads\\\/2024\\\/10\\\/siderit-1.png\",\"width\":1080,\"height\":1080,\"caption\":\"siderit\"},{\"@type\":\"BreadcrumbList\",\"@id\":\"https:\\\/\\\/stenogkrystal.dk\\\/index.php\\\/vare\\\/siderit-med-calcit-og-galena\\\/#breadcrumb\",\"itemListElement\":[{\"@type\":\"ListItem\",\"position\":1,\"name\":\"Hjem\",\"item\":\"https:\\\/\\\/stenogkrystal.dk\\\/\"},{\"@type\":\"ListItem\",\"position\":2,\"name\":\"Shop\",\"item\":\"https:\\\/\\\/stenogkrystal.dk\\\/index.php\\\/shop\\\/\"},{\"@type\":\"ListItem\",\"position\":3,\"name\":\"Siderit med Calcit og Galena\"}]},{\"@type\":\"WebSite\",\"@id\":\"https:\\\/\\\/stenogkrystal.dk\\\/#website\",\"url\":\"https:\\\/\\\/stenogkrystal.dk\\\/\",\"name\":\"Aalborg Sten Og Krystaller\",\"description\":\"Danmark, Aalborg, Vejgaard, Krystaller, Sten, Smykker Og Messer\",\"publisher\":{\"@id\":\"https:\\\/\\\/stenogkrystal.dk\\\/#organization\"},\"potentialAction\":[{\"@type\":\"SearchAction\",\"target\":{\"@type\":\"EntryPoint\",\"urlTemplate\":\"https:\\\/\\\/stenogkrystal.dk\\\/?s={search_term_string}\"},\"query-input\":{\"@type\":\"PropertyValueSpecification\",\"valueRequired\":true,\"valueName\":\"search_term_string\"}}],\"inLanguage\":\"da-DK\"},{\"@type\":\"Organization\",\"@id\":\"https:\\\/\\\/stenogkrystal.dk\\\/#organization\",\"name\":\"Aalborg Sten Og Krystaller\",\"url\":\"https:\\\/\\\/stenogkrystal.dk\\\/\",\"logo\":{\"@type\":\"ImageObject\",\"inLanguage\":\"da-DK\",\"@id\":\"https:\\\/\\\/stenogkrystal.dk\\\/#\\\/schema\\\/logo\\\/image\\\/\",\"url\":\"http:\\\/\\\/stenogkrystal.dk\\\/wp-content\\\/uploads\\\/2024\\\/04\\\/Logo.png\",\"contentUrl\":\"http:\\\/\\\/stenogkrystal.dk\\\/wp-content\\\/uploads\\\/2024\\\/04\\\/Logo.png\",\"width\":324,\"height\":263,\"caption\":\"Aalborg Sten Og Krystaller\"},\"image\":{\"@id\":\"https:\\\/\\\/stenogkrystal.dk\\\/#\\\/schema\\\/logo\\\/image\\\/\"},\"sameAs\":[\"https:\\\/\\\/www.facebook.com\\\/aalborgstenogkrystaller\"]}]}<\/script>\n<!-- \/ Yoast SEO plugin. -->","yoast_head_json":{"title":"Siderit med Calcit og Galena - Aalborg Sten Og Krystaller","description":"Siderit afbalancere alle chakra og styrker positive tanker og ideer. Calcit virker kraftigt forst\u00e6rkende og rensende p\u00e5 energier.","robots":{"index":"index","follow":"follow","max-snippet":"max-snippet:-1","max-image-preview":"max-image-preview:large","max-video-preview":"max-video-preview:-1"},"canonical":"https:\/\/stenogkrystal.dk\/index.php\/vare\/siderit-med-calcit-og-galena\/","og_locale":"da_DK","og_type":"article","og_title":"Siderit med Calcit og Galena - Aalborg Sten Og Krystaller","og_description":"Siderit afbalancere alle chakra og styrker positive tanker og ideer. Calcit virker kraftigt forst\u00e6rkende og rensende p\u00e5 energier.","og_url":"https:\/\/stenogkrystal.dk\/index.php\/vare\/siderit-med-calcit-og-galena\/","og_site_name":"Aalborg Sten Og Krystaller","article_publisher":"https:\/\/www.facebook.com\/aalborgstenogkrystaller","article_modified_time":"2024-10-03T14:27:13+00:00","og_image":[{"width":1024,"height":1024,"url":"https:\/\/stenogkrystal.dk\/wp-content\/uploads\/2024\/10\/siderit-1-1024x1024.png","type":"image\/png"}],"twitter_card":"summary_large_image","twitter_misc":{"Estimeret l\u00e6setid":"2 minutter"},"schema":{"@context":"https:\/\/schema.org","@graph":[{"@type":"WebPage","@id":"https:\/\/stenogkrystal.dk\/index.php\/vare\/siderit-med-calcit-og-galena\/","url":"https:\/\/stenogkrystal.dk\/index.php\/vare\/siderit-med-calcit-og-galena\/","name":"Siderit med Calcit og Galena - Aalborg Sten Og Krystaller","isPartOf":{"@id":"https:\/\/stenogkrystal.dk\/#website"},"primaryImageOfPage":{"@id":"https:\/\/stenogkrystal.dk\/index.php\/vare\/siderit-med-calcit-og-galena\/#primaryimage"},"image":{"@id":"https:\/\/stenogkrystal.dk\/index.php\/vare\/siderit-med-calcit-og-galena\/#primaryimage"},"thumbnailUrl":"https:\/\/stenogkrystal.dk\/wp-content\/uploads\/2024\/10\/siderit-1.png","datePublished":"2024-10-02T14:46:58+00:00","dateModified":"2024-10-03T14:27:13+00:00","description":"Siderit afbalancere alle chakra og styrker positive tanker og ideer. Calcit virker kraftigt forst\u00e6rkende og rensende p\u00e5 energier.","breadcrumb":{"@id":"https:\/\/stenogkrystal.dk\/index.php\/vare\/siderit-med-calcit-og-galena\/#breadcrumb"},"inLanguage":"da-DK","potentialAction":[{"@type":"ReadAction","target":["https:\/\/stenogkrystal.dk\/index.php\/vare\/siderit-med-calcit-og-galena\/"]}]},{"@type":"ImageObject","inLanguage":"da-DK","@id":"https:\/\/stenogkrystal.dk\/index.php\/vare\/siderit-med-calcit-og-galena\/#primaryimage","url":"https:\/\/stenogkrystal.dk\/wp-content\/uploads\/2024\/10\/siderit-1.png","contentUrl":"https:\/\/stenogkrystal.dk\/wp-content\/uploads\/2024\/10\/siderit-1.png","width":1080,"height":1080,"caption":"siderit"},{"@type":"BreadcrumbList","@id":"https:\/\/stenogkrystal.dk\/index.php\/vare\/siderit-med-calcit-og-galena\/#breadcrumb","itemListElement":[{"@type":"ListItem","position":1,"name":"Hjem","item":"https:\/\/stenogkrystal.dk\/"},{"@type":"ListItem","position":2,"name":"Shop","item":"https:\/\/stenogkrystal.dk\/index.php\/shop\/"},{"@type":"ListItem","position":3,"name":"Siderit med Calcit og Galena"}]},{"@type":"WebSite","@id":"https:\/\/stenogkrystal.dk\/#website","url":"https:\/\/stenogkrystal.dk\/","name":"Aalborg Sten Og Krystaller","description":"Danmark, Aalborg, Vejgaard, Krystaller, Sten, Smykker Og Messer","publisher":{"@id":"https:\/\/stenogkrystal.dk\/#organization"},"potentialAction":[{"@type":"SearchAction","target":{"@type":"EntryPoint","urlTemplate":"https:\/\/stenogkrystal.dk\/?s={search_term_string}"},"query-input":{"@type":"PropertyValueSpecification","valueRequired":true,"valueName":"search_term_string"}}],"inLanguage":"da-DK"},{"@type":"Organization","@id":"https:\/\/stenogkrystal.dk\/#organization","name":"Aalborg Sten Og Krystaller","url":"https:\/\/stenogkrystal.dk\/","logo":{"@type":"ImageObject","inLanguage":"da-DK","@id":"https:\/\/stenogkrystal.dk\/#\/schema\/logo\/image\/","url":"http:\/\/stenogkrystal.dk\/wp-content\/uploads\/2024\/04\/Logo.png","contentUrl":"http:\/\/stenogkrystal.dk\/wp-content\/uploads\/2024\/04\/Logo.png","width":324,"height":263,"caption":"Aalborg Sten Og Krystaller"},"image":{"@id":"https:\/\/stenogkrystal.dk\/#\/schema\/logo\/image\/"},"sameAs":["https:\/\/www.facebook.com\/aalborgstenogkrystaller"]}]}},"jetpack_sharing_enabled":true,"_links":{"self":[{"href":"https:\/\/stenogkrystal.dk\/index.php\/wp-json\/wp\/v2\/product\/5424","targetHints":{"allow":["GET"]}}],"collection":[{"href":"https:\/\/stenogkrystal.dk\/index.php\/wp-json\/wp\/v2\/product"}],"about":[{"href":"https:\/\/stenogkrystal.dk\/index.php\/wp-json\/wp\/v2\/types\/product"}],"replies":[{"embeddable":true,"href":"https:\/\/stenogkrystal.dk\/index.php\/wp-json\/wp\/v2\/comments?post=5424"}],"wp:featuredmedia":[{"embeddable":true,"href":"https:\/\/stenogkrystal.dk\/index.php\/wp-json\/wp\/v2\/media\/5605"}],"wp:attachment":[{"href":"https:\/\/stenogkrystal.dk\/index.php\/wp-json\/wp\/v2\/media?parent=5424"}],"wp:term":[{"taxonomy":"product_brand","embeddable":true,"href":"https:\/\/stenogkrystal.dk\/index.php\/wp-json\/wp\/v2\/product_brand?post=5424"},{"taxonomy":"product_cat","embeddable":true,"href":"https:\/\/stenogkrystal.dk\/index.php\/wp-json\/wp\/v2\/product_cat?post=5424"},{"taxonomy":"product_tag","embeddable":true,"href":"https:\/\/stenogkrystal.dk\/index.php\/wp-json\/wp\/v2\/product_tag?post=5424"}],"curies":[{"name":"wp","href":"https:\/\/api.w.org\/{rel}","templated":true}]}}